{"id":1401,"date":"2016-12-02T09:25:18","date_gmt":"2016-12-02T09:25:18","guid":{"rendered":"http:\/\/ld-wp.template-help.com\/wordpress_58970-sample\/?page_id=1401"},"modified":"2017-07-28T21:42:08","modified_gmt":"2017-07-28T21:42:08","slug":"gallery","status":"publish","type":"page","link":"https:\/\/cabanaslafragata.com\/cabanas\/gallery\/","title":{"rendered":"Gallery"},"content":{"rendered":"<h1>Galer\u00eda<\/h1>\n<p>[tm-pg-gallery id=\u00bb1398&#8243;][\/tm-pg-gallery]<\/p>\n","protected":false},"excerpt":{"rendered":"<p>Galer\u00eda [tm-pg-gallery id=\u00bb1398&#8243;][\/tm-pg-gallery]<\/p>\n","protected":false},"author":1,"featured_media":0,"parent":0,"menu_order":0,"comment_status":"closed","ping_status":"closed","template":"","meta":{"footnotes":""},"class_list":["post-1401","page","type-page","status-publish","hentry","no-thumb"],"yoast_head":"<!-- This site is optimized with the Yoast SEO plugin v27.1.1 - https:\/\/yoast.com\/product\/yoast-seo-wordpress\/ -->\n<title>Gallery - Caba\u00f1as La Fragata en Cove\u00f1as con piscina Frente al mar dotadas con aire acondicionado y cocina.<\/title>\n<meta name=\"robots\" content=\"index, follow, max-snippet:-1, max-image-preview:large, max-video-preview:-1\" \/>\n<link rel=\"canonical\" href=\"https:\/\/cabanaslafragata.com\/cabanas\/gallery\/\" \/>\n<meta property=\"og:locale\" content=\"es_ES\" \/>\n<meta property=\"og:type\" content=\"article\" \/>\n<meta property=\"og:title\" content=\"Gallery - Caba\u00f1as La Fragata en Cove\u00f1as con piscina Frente al mar dotadas con aire acondicionado y cocina.\" \/>\n<meta property=\"og:description\" content=\"Galer\u00eda [tm-pg-gallery id=\u00bb1398&#8243;][\/tm-pg-gallery]\" \/>\n<meta property=\"og:url\" content=\"https:\/\/cabanaslafragata.com\/cabanas\/gallery\/\" \/>\n<meta property=\"og:site_name\" content=\"Caba\u00f1as La Fragata en Cove\u00f1as con piscina Frente al mar dotadas con aire acondicionado y cocina.\" \/>\n<meta property=\"article:publisher\" content=\"https:\/\/www.facebook.com\/share\/1APD6aSUMT\/\" \/>\n<meta property=\"article:modified_time\" content=\"2017-07-28T21:42:08+00:00\" \/>\n<meta name=\"twitter:card\" content=\"summary_large_image\" \/>\n<script type=\"application\/ld+json\" class=\"yoast-schema-graph\">{\"@context\":\"https:\/\/schema.org\",\"@graph\":[{\"@type\":\"WebPage\",\"@id\":\"https:\/\/cabanaslafragata.com\/cabanas\/gallery\/\",\"url\":\"https:\/\/cabanaslafragata.com\/cabanas\/gallery\/\",\"name\":\"Gallery - Caba\u00f1as La Fragata en Cove\u00f1as con piscina Frente al mar dotadas con aire acondicionado y cocina.\",\"isPartOf\":{\"@id\":\"https:\/\/cabanaslafragata.com\/cabanas\/#website\"},\"datePublished\":\"2016-12-02T09:25:18+00:00\",\"dateModified\":\"2017-07-28T21:42:08+00:00\",\"breadcrumb\":{\"@id\":\"https:\/\/cabanaslafragata.com\/cabanas\/gallery\/#breadcrumb\"},\"inLanguage\":\"es\",\"potentialAction\":[{\"@type\":\"ReadAction\",\"target\":[\"https:\/\/cabanaslafragata.com\/cabanas\/gallery\/\"]}]},{\"@type\":\"BreadcrumbList\",\"@id\":\"https:\/\/cabanaslafragata.com\/cabanas\/gallery\/#breadcrumb\",\"itemListElement\":[{\"@type\":\"ListItem\",\"position\":1,\"name\":\"Portada\",\"item\":\"https:\/\/cabanaslafragata.com\/cabanas\/\"},{\"@type\":\"ListItem\",\"position\":2,\"name\":\"Gallery\"}]},{\"@type\":\"WebSite\",\"@id\":\"https:\/\/cabanaslafragata.com\/cabanas\/#website\",\"url\":\"https:\/\/cabanaslafragata.com\/cabanas\/\",\"name\":\"https:\/\/cabanaslafragata.com\/cabanas\/\",\"description\":\"Caba\u00f1as la fragata est\u00e1 ubicado en Cove\u00f1as en el Sector de Puerto Viejo, tenemos Piscina, Caba\u00f1as con aire, frente al mar dotadas con todo.\",\"publisher\":{\"@id\":\"https:\/\/cabanaslafragata.com\/cabanas\/#organization\"},\"potentialAction\":[{\"@type\":\"SearchAction\",\"target\":{\"@type\":\"EntryPoint\",\"urlTemplate\":\"https:\/\/cabanaslafragata.com\/cabanas\/?s={search_term_string}\"},\"query-input\":{\"@type\":\"PropertyValueSpecification\",\"valueRequired\":true,\"valueName\":\"search_term_string\"}}],\"inLanguage\":\"es\"},{\"@type\":\"Organization\",\"@id\":\"https:\/\/cabanaslafragata.com\/cabanas\/#organization\",\"name\":\"Caba\u00f1as La Fragata\",\"url\":\"https:\/\/cabanaslafragata.com\/cabanas\/\",\"logo\":{\"@type\":\"ImageObject\",\"inLanguage\":\"es\",\"@id\":\"https:\/\/cabanaslafragata.com\/cabanas\/#\/schema\/logo\/image\/\",\"url\":\"https:\/\/cabanaslafragata.com\/cabanas\/wp-content\/uploads\/2016\/09\/cabanas.png\",\"contentUrl\":\"https:\/\/cabanaslafragata.com\/cabanas\/wp-content\/uploads\/2016\/09\/cabanas.png\",\"width\":198,\"height\":181,\"caption\":\"Caba\u00f1as La Fragata\"},\"image\":{\"@id\":\"https:\/\/cabanaslafragata.com\/cabanas\/#\/schema\/logo\/image\/\"},\"sameAs\":[\"https:\/\/www.facebook.com\/share\/1APD6aSUMT\/\",\"https:\/\/www.instagram.com\/cabanaslafragata\"]}]}<\/script>\n<!-- \/ Yoast SEO plugin. -->","yoast_head_json":{"title":"Gallery - Caba\u00f1as La Fragata en Cove\u00f1as con piscina Frente al mar dotadas con aire acondicionado y cocina.","robots":{"index":"index","follow":"follow","max-snippet":"max-snippet:-1","max-image-preview":"max-image-preview:large","max-video-preview":"max-video-preview:-1"},"canonical":"https:\/\/cabanaslafragata.com\/cabanas\/gallery\/","og_locale":"es_ES","og_type":"article","og_title":"Gallery - Caba\u00f1as La Fragata en Cove\u00f1as con piscina Frente al mar dotadas con aire acondicionado y cocina.","og_description":"Galer\u00eda [tm-pg-gallery id=\u00bb1398&#8243;][\/tm-pg-gallery]","og_url":"https:\/\/cabanaslafragata.com\/cabanas\/gallery\/","og_site_name":"Caba\u00f1as La Fragata en Cove\u00f1as con piscina Frente al mar dotadas con aire acondicionado y cocina.","article_publisher":"https:\/\/www.facebook.com\/share\/1APD6aSUMT\/","article_modified_time":"2017-07-28T21:42:08+00:00","twitter_card":"summary_large_image","schema":{"@context":"https:\/\/schema.org","@graph":[{"@type":"WebPage","@id":"https:\/\/cabanaslafragata.com\/cabanas\/gallery\/","url":"https:\/\/cabanaslafragata.com\/cabanas\/gallery\/","name":"Gallery - Caba\u00f1as La Fragata en Cove\u00f1as con piscina Frente al mar dotadas con aire acondicionado y cocina.","isPartOf":{"@id":"https:\/\/cabanaslafragata.com\/cabanas\/#website"},"datePublished":"2016-12-02T09:25:18+00:00","dateModified":"2017-07-28T21:42:08+00:00","breadcrumb":{"@id":"https:\/\/cabanaslafragata.com\/cabanas\/gallery\/#breadcrumb"},"inLanguage":"es","potentialAction":[{"@type":"ReadAction","target":["https:\/\/cabanaslafragata.com\/cabanas\/gallery\/"]}]},{"@type":"BreadcrumbList","@id":"https:\/\/cabanaslafragata.com\/cabanas\/gallery\/#breadcrumb","itemListElement":[{"@type":"ListItem","position":1,"name":"Portada","item":"https:\/\/cabanaslafragata.com\/cabanas\/"},{"@type":"ListItem","position":2,"name":"Gallery"}]},{"@type":"WebSite","@id":"https:\/\/cabanaslafragata.com\/cabanas\/#website","url":"https:\/\/cabanaslafragata.com\/cabanas\/","name":"https:\/\/cabanaslafragata.com\/cabanas\/","description":"Caba\u00f1as la fragata est\u00e1 ubicado en Cove\u00f1as en el Sector de Puerto Viejo, tenemos Piscina, Caba\u00f1as con aire, frente al mar dotadas con todo.","publisher":{"@id":"https:\/\/cabanaslafragata.com\/cabanas\/#organization"},"potentialAction":[{"@type":"SearchAction","target":{"@type":"EntryPoint","urlTemplate":"https:\/\/cabanaslafragata.com\/cabanas\/?s={search_term_string}"},"query-input":{"@type":"PropertyValueSpecification","valueRequired":true,"valueName":"search_term_string"}}],"inLanguage":"es"},{"@type":"Organization","@id":"https:\/\/cabanaslafragata.com\/cabanas\/#organization","name":"Caba\u00f1as La Fragata","url":"https:\/\/cabanaslafragata.com\/cabanas\/","logo":{"@type":"ImageObject","inLanguage":"es","@id":"https:\/\/cabanaslafragata.com\/cabanas\/#\/schema\/logo\/image\/","url":"https:\/\/cabanaslafragata.com\/cabanas\/wp-content\/uploads\/2016\/09\/cabanas.png","contentUrl":"https:\/\/cabanaslafragata.com\/cabanas\/wp-content\/uploads\/2016\/09\/cabanas.png","width":198,"height":181,"caption":"Caba\u00f1as La Fragata"},"image":{"@id":"https:\/\/cabanaslafragata.com\/cabanas\/#\/schema\/logo\/image\/"},"sameAs":["https:\/\/www.facebook.com\/share\/1APD6aSUMT\/","https:\/\/www.instagram.com\/cabanaslafragata"]}]}},"_links":{"self":[{"href":"https:\/\/cabanaslafragata.com\/cabanas\/wp-json\/wp\/v2\/pages\/1401","targetHints":{"allow":["GET"]}}],"collection":[{"href":"https:\/\/cabanaslafragata.com\/cabanas\/wp-json\/wp\/v2\/pages"}],"about":[{"href":"https:\/\/cabanaslafragata.com\/cabanas\/wp-json\/wp\/v2\/types\/page"}],"author":[{"embeddable":true,"href":"https:\/\/cabanaslafragata.com\/cabanas\/wp-json\/wp\/v2\/users\/1"}],"replies":[{"embeddable":true,"href":"https:\/\/cabanaslafragata.com\/cabanas\/wp-json\/wp\/v2\/comments?post=1401"}],"version-history":[{"count":0,"href":"https:\/\/cabanaslafragata.com\/cabanas\/wp-json\/wp\/v2\/pages\/1401\/revisions"}],"wp:attachment":[{"href":"https:\/\/cabanaslafragata.com\/cabanas\/wp-json\/wp\/v2\/media?parent=1401"}],"curies":[{"name":"wp","href":"https:\/\/api.w.org\/{rel}","templated":true}]}}