{"id":17,"date":"2016-09-27T11:12:49","date_gmt":"2016-09-27T11:12:49","guid":{"rendered":"http:\/\/ld-wp.template-help.com\/wordpress_58970-sample\/?page_id=17"},"modified":"2025-12-09T21:09:43","modified_gmt":"2025-12-09T21:09:43","slug":"contactenos","status":"publish","type":"page","link":"https:\/\/cabanaslafragata.com\/cabanas\/contactenos\/","title":{"rendered":"Cont\u00e1ctenos"},"content":{"rendered":"<p>CONT\u00c1CTENOS Y COTIZA NUESTROS SERVICIOS Nombre Apellido Telefono Correo electr\u00f3nico \u00bfQu\u00e9 servicios necesitas? Hospedaje Eventos Sociales y Empresariales PQR Mensaje Acepto los t\u00e9rminos y condiciones y autorizo el tratamiento de mis datos personales. Enviar Promotores Di <a href=\"https:\/\/cabanaslafragata.com\/cabanas\/contactenos\/\" title=\"Read more on Cont\u00e1ctenos\" class=\"more-link\">read more<\/a><\/p>\n","protected":false},"excerpt":{"rendered":"<p>CONT\u00c1CTENOS Y COTIZA NUESTROS SERVICIOS Promotores Directos del Turismo UBICACI\u00d3N DE LAS CABA\u00d1ASSituado entre Tol\u00fa y Cove\u00f1as (Sucre), sector Puerto Viejo.Email: contacto@insetur.comCove\u00f1as:(57) 3336004455<\/p>\n","protected":false},"author":1,"featured_media":0,"parent":0,"menu_order":0,"comment_status":"closed","ping_status":"closed","template":"","meta":{"footnotes":""},"class_list":["post-17","page","type-page","status-publish","hentry","no-thumb"],"yoast_head":"<!-- This site is optimized with the Yoast SEO plugin v27.1.1 - https:\/\/yoast.com\/product\/yoast-seo-wordpress\/ -->\n<title>Cont\u00e1ctenos - Caba\u00f1as La Fragata en Cove\u00f1as con piscina Frente al mar dotadas con aire acondicionado y cocina.<\/title>\n<meta name=\"robots\" content=\"index, follow, max-snippet:-1, max-image-preview:large, max-video-preview:-1\" \/>\n<link rel=\"canonical\" href=\"https:\/\/cabanaslafragata.com\/cabanas\/contactenos\/\" \/>\n<meta property=\"og:locale\" content=\"es_ES\" \/>\n<meta property=\"og:type\" content=\"article\" \/>\n<meta property=\"og:title\" content=\"Cont\u00e1ctenos - Caba\u00f1as La Fragata en Cove\u00f1as con piscina Frente al mar dotadas con aire acondicionado y cocina.\" \/>\n<meta property=\"og:description\" content=\"CONT\u00c1CTENOS Y COTIZA NUESTROS SERVICIOS Promotores Directos del Turismo UBICACI\u00d3N DE LAS CABA\u00d1ASSituado entre Tol\u00fa y Cove\u00f1as (Sucre), sector Puerto Viejo.Email: contacto@insetur.comCove\u00f1as:(57) 3336004455\" \/>\n<meta property=\"og:url\" content=\"https:\/\/cabanaslafragata.com\/cabanas\/contactenos\/\" \/>\n<meta property=\"og:site_name\" content=\"Caba\u00f1as La Fragata en Cove\u00f1as con piscina Frente al mar dotadas con aire acondicionado y cocina.\" \/>\n<meta property=\"article:publisher\" content=\"https:\/\/www.facebook.com\/share\/1APD6aSUMT\/\" \/>\n<meta property=\"article:modified_time\" content=\"2025-12-09T21:09:43+00:00\" \/>\n<meta property=\"og:image\" content=\"https:\/\/cabanaslafragata.com\/cabanas\/wp-content\/uploads\/2025\/12\/40372_superintendencia-industria-comercio-artesanias-colombia-2022-g.webp\" \/>\n<meta name=\"twitter:card\" content=\"summary_large_image\" \/>\n<meta name=\"twitter:label1\" content=\"Tiempo de lectura\" \/>\n\t<meta name=\"twitter:data1\" content=\"1 minuto\" \/>\n<script type=\"application\/ld+json\" class=\"yoast-schema-graph\">{\"@context\":\"https:\/\/schema.org\",\"@graph\":[{\"@type\":\"WebPage\",\"@id\":\"https:\/\/cabanaslafragata.com\/cabanas\/contactenos\/\",\"url\":\"https:\/\/cabanaslafragata.com\/cabanas\/contactenos\/\",\"name\":\"Cont\u00e1ctenos - Caba\u00f1as La Fragata en Cove\u00f1as con piscina Frente al mar dotadas con aire acondicionado y cocina.\",\"isPartOf\":{\"@id\":\"https:\/\/cabanaslafragata.com\/cabanas\/#website\"},\"primaryImageOfPage\":{\"@id\":\"https:\/\/cabanaslafragata.com\/cabanas\/contactenos\/#primaryimage\"},\"image\":{\"@id\":\"https:\/\/cabanaslafragata.com\/cabanas\/contactenos\/#primaryimage\"},\"thumbnailUrl\":\"https:\/\/cabanaslafragata.com\/cabanas\/wp-content\/uploads\/2025\/12\/40372_superintendencia-industria-comercio-artesanias-colombia-2022-g.webp\",\"datePublished\":\"2016-09-27T11:12:49+00:00\",\"dateModified\":\"2025-12-09T21:09:43+00:00\",\"breadcrumb\":{\"@id\":\"https:\/\/cabanaslafragata.com\/cabanas\/contactenos\/#breadcrumb\"},\"inLanguage\":\"es\",\"potentialAction\":[{\"@type\":\"ReadAction\",\"target\":[\"https:\/\/cabanaslafragata.com\/cabanas\/contactenos\/\"]}]},{\"@type\":\"ImageObject\",\"inLanguage\":\"es\",\"@id\":\"https:\/\/cabanaslafragata.com\/cabanas\/contactenos\/#primaryimage\",\"url\":\"https:\/\/cabanaslafragata.com\/cabanas\/wp-content\/uploads\/2025\/12\/40372_superintendencia-industria-comercio-artesanias-colombia-2022-g.webp\",\"contentUrl\":\"https:\/\/cabanaslafragata.com\/cabanas\/wp-content\/uploads\/2025\/12\/40372_superintendencia-industria-comercio-artesanias-colombia-2022-g.webp\",\"width\":843,\"height\":520},{\"@type\":\"BreadcrumbList\",\"@id\":\"https:\/\/cabanaslafragata.com\/cabanas\/contactenos\/#breadcrumb\",\"itemListElement\":[{\"@type\":\"ListItem\",\"position\":1,\"name\":\"Portada\",\"item\":\"https:\/\/cabanaslafragata.com\/cabanas\/\"},{\"@type\":\"ListItem\",\"position\":2,\"name\":\"Cont\u00e1ctenos\"}]},{\"@type\":\"WebSite\",\"@id\":\"https:\/\/cabanaslafragata.com\/cabanas\/#website\",\"url\":\"https:\/\/cabanaslafragata.com\/cabanas\/\",\"name\":\"https:\/\/cabanaslafragata.com\/cabanas\/\",\"description\":\"Caba\u00f1as la fragata est\u00e1 ubicado en Cove\u00f1as en el Sector de Puerto Viejo, tenemos Piscina, Caba\u00f1as con aire, frente al mar dotadas con todo.\",\"publisher\":{\"@id\":\"https:\/\/cabanaslafragata.com\/cabanas\/#organization\"},\"potentialAction\":[{\"@type\":\"SearchAction\",\"target\":{\"@type\":\"EntryPoint\",\"urlTemplate\":\"https:\/\/cabanaslafragata.com\/cabanas\/?s={search_term_string}\"},\"query-input\":{\"@type\":\"PropertyValueSpecification\",\"valueRequired\":true,\"valueName\":\"search_term_string\"}}],\"inLanguage\":\"es\"},{\"@type\":\"Organization\",\"@id\":\"https:\/\/cabanaslafragata.com\/cabanas\/#organization\",\"name\":\"Caba\u00f1as La Fragata\",\"url\":\"https:\/\/cabanaslafragata.com\/cabanas\/\",\"logo\":{\"@type\":\"ImageObject\",\"inLanguage\":\"es\",\"@id\":\"https:\/\/cabanaslafragata.com\/cabanas\/#\/schema\/logo\/image\/\",\"url\":\"https:\/\/cabanaslafragata.com\/cabanas\/wp-content\/uploads\/2016\/09\/cabanas.png\",\"contentUrl\":\"https:\/\/cabanaslafragata.com\/cabanas\/wp-content\/uploads\/2016\/09\/cabanas.png\",\"width\":198,\"height\":181,\"caption\":\"Caba\u00f1as La Fragata\"},\"image\":{\"@id\":\"https:\/\/cabanaslafragata.com\/cabanas\/#\/schema\/logo\/image\/\"},\"sameAs\":[\"https:\/\/www.facebook.com\/share\/1APD6aSUMT\/\",\"https:\/\/www.instagram.com\/cabanaslafragata\"]}]}<\/script>\n<!-- \/ Yoast SEO plugin. -->","yoast_head_json":{"title":"Cont\u00e1ctenos - Caba\u00f1as La Fragata en Cove\u00f1as con piscina Frente al mar dotadas con aire acondicionado y cocina.","robots":{"index":"index","follow":"follow","max-snippet":"max-snippet:-1","max-image-preview":"max-image-preview:large","max-video-preview":"max-video-preview:-1"},"canonical":"https:\/\/cabanaslafragata.com\/cabanas\/contactenos\/","og_locale":"es_ES","og_type":"article","og_title":"Cont\u00e1ctenos - Caba\u00f1as La Fragata en Cove\u00f1as con piscina Frente al mar dotadas con aire acondicionado y cocina.","og_description":"CONT\u00c1CTENOS Y COTIZA NUESTROS SERVICIOS Promotores Directos del Turismo UBICACI\u00d3N DE LAS CABA\u00d1ASSituado entre Tol\u00fa y Cove\u00f1as (Sucre), sector Puerto Viejo.Email: contacto@insetur.comCove\u00f1as:(57) 3336004455","og_url":"https:\/\/cabanaslafragata.com\/cabanas\/contactenos\/","og_site_name":"Caba\u00f1as La Fragata en Cove\u00f1as con piscina Frente al mar dotadas con aire acondicionado y cocina.","article_publisher":"https:\/\/www.facebook.com\/share\/1APD6aSUMT\/","article_modified_time":"2025-12-09T21:09:43+00:00","og_image":[{"url":"https:\/\/cabanaslafragata.com\/cabanas\/wp-content\/uploads\/2025\/12\/40372_superintendencia-industria-comercio-artesanias-colombia-2022-g.webp","type":"","width":"","height":""}],"twitter_card":"summary_large_image","twitter_misc":{"Tiempo de lectura":"1 minuto"},"schema":{"@context":"https:\/\/schema.org","@graph":[{"@type":"WebPage","@id":"https:\/\/cabanaslafragata.com\/cabanas\/contactenos\/","url":"https:\/\/cabanaslafragata.com\/cabanas\/contactenos\/","name":"Cont\u00e1ctenos - Caba\u00f1as La Fragata en Cove\u00f1as con piscina Frente al mar dotadas con aire acondicionado y cocina.","isPartOf":{"@id":"https:\/\/cabanaslafragata.com\/cabanas\/#website"},"primaryImageOfPage":{"@id":"https:\/\/cabanaslafragata.com\/cabanas\/contactenos\/#primaryimage"},"image":{"@id":"https:\/\/cabanaslafragata.com\/cabanas\/contactenos\/#primaryimage"},"thumbnailUrl":"https:\/\/cabanaslafragata.com\/cabanas\/wp-content\/uploads\/2025\/12\/40372_superintendencia-industria-comercio-artesanias-colombia-2022-g.webp","datePublished":"2016-09-27T11:12:49+00:00","dateModified":"2025-12-09T21:09:43+00:00","breadcrumb":{"@id":"https:\/\/cabanaslafragata.com\/cabanas\/contactenos\/#breadcrumb"},"inLanguage":"es","potentialAction":[{"@type":"ReadAction","target":["https:\/\/cabanaslafragata.com\/cabanas\/contactenos\/"]}]},{"@type":"ImageObject","inLanguage":"es","@id":"https:\/\/cabanaslafragata.com\/cabanas\/contactenos\/#primaryimage","url":"https:\/\/cabanaslafragata.com\/cabanas\/wp-content\/uploads\/2025\/12\/40372_superintendencia-industria-comercio-artesanias-colombia-2022-g.webp","contentUrl":"https:\/\/cabanaslafragata.com\/cabanas\/wp-content\/uploads\/2025\/12\/40372_superintendencia-industria-comercio-artesanias-colombia-2022-g.webp","width":843,"height":520},{"@type":"BreadcrumbList","@id":"https:\/\/cabanaslafragata.com\/cabanas\/contactenos\/#breadcrumb","itemListElement":[{"@type":"ListItem","position":1,"name":"Portada","item":"https:\/\/cabanaslafragata.com\/cabanas\/"},{"@type":"ListItem","position":2,"name":"Cont\u00e1ctenos"}]},{"@type":"WebSite","@id":"https:\/\/cabanaslafragata.com\/cabanas\/#website","url":"https:\/\/cabanaslafragata.com\/cabanas\/","name":"https:\/\/cabanaslafragata.com\/cabanas\/","description":"Caba\u00f1as la fragata est\u00e1 ubicado en Cove\u00f1as en el Sector de Puerto Viejo, tenemos Piscina, Caba\u00f1as con aire, frente al mar dotadas con todo.","publisher":{"@id":"https:\/\/cabanaslafragata.com\/cabanas\/#organization"},"potentialAction":[{"@type":"SearchAction","target":{"@type":"EntryPoint","urlTemplate":"https:\/\/cabanaslafragata.com\/cabanas\/?s={search_term_string}"},"query-input":{"@type":"PropertyValueSpecification","valueRequired":true,"valueName":"search_term_string"}}],"inLanguage":"es"},{"@type":"Organization","@id":"https:\/\/cabanaslafragata.com\/cabanas\/#organization","name":"Caba\u00f1as La Fragata","url":"https:\/\/cabanaslafragata.com\/cabanas\/","logo":{"@type":"ImageObject","inLanguage":"es","@id":"https:\/\/cabanaslafragata.com\/cabanas\/#\/schema\/logo\/image\/","url":"https:\/\/cabanaslafragata.com\/cabanas\/wp-content\/uploads\/2016\/09\/cabanas.png","contentUrl":"https:\/\/cabanaslafragata.com\/cabanas\/wp-content\/uploads\/2016\/09\/cabanas.png","width":198,"height":181,"caption":"Caba\u00f1as La Fragata"},"image":{"@id":"https:\/\/cabanaslafragata.com\/cabanas\/#\/schema\/logo\/image\/"},"sameAs":["https:\/\/www.facebook.com\/share\/1APD6aSUMT\/","https:\/\/www.instagram.com\/cabanaslafragata"]}]}},"_links":{"self":[{"href":"https:\/\/cabanaslafragata.com\/cabanas\/wp-json\/wp\/v2\/pages\/17","targetHints":{"allow":["GET"]}}],"collection":[{"href":"https:\/\/cabanaslafragata.com\/cabanas\/wp-json\/wp\/v2\/pages"}],"about":[{"href":"https:\/\/cabanaslafragata.com\/cabanas\/wp-json\/wp\/v2\/types\/page"}],"author":[{"embeddable":true,"href":"https:\/\/cabanaslafragata.com\/cabanas\/wp-json\/wp\/v2\/users\/1"}],"replies":[{"embeddable":true,"href":"https:\/\/cabanaslafragata.com\/cabanas\/wp-json\/wp\/v2\/comments?post=17"}],"version-history":[{"count":93,"href":"https:\/\/cabanaslafragata.com\/cabanas\/wp-json\/wp\/v2\/pages\/17\/revisions"}],"predecessor-version":[{"id":5302,"href":"https:\/\/cabanaslafragata.com\/cabanas\/wp-json\/wp\/v2\/pages\/17\/revisions\/5302"}],"wp:attachment":[{"href":"https:\/\/cabanaslafragata.com\/cabanas\/wp-json\/wp\/v2\/media?parent=17"}],"curies":[{"name":"wp","href":"https:\/\/api.w.org\/{rel}","templated":true}]}}