{"id":1768,"date":"2017-07-27T20:30:15","date_gmt":"2017-07-27T20:30:15","guid":{"rendered":"https:\/\/hotel-lafragata.com\/hotel\/?page_id=1768"},"modified":"2017-10-24T20:13:53","modified_gmt":"2017-10-24T20:13:53","slug":"video","status":"publish","type":"page","link":"https:\/\/cabanaslafragata.com\/cabanas\/video\/","title":{"rendered":"Videos"},"content":{"rendered":"<p><iframe width=\"560%\" height=\"315\" src=\"https:\/\/www.youtube.com\/embed\/gLXZstmU56g?rel=0\" frameborder=\"0\" allowfullscreen><\/iframe><\/p>\n<p>&nbsp;<\/p>\n<p><iframe width=\"560%\" height=\"315\" src=\"https:\/\/www.youtube.com\/embed\/0cwqNfwmiPU?rel=0\" frameborder=\"0\" allowfullscreen><\/iframe><\/p>\n<p>&nbsp;<\/p>\n<p><iframe width=\"560%\" height=\"315\" src=\"https:\/\/www.youtube.com\/embed\/bZCf3h1F4ZY?rel=0\" frameborder=\"0\" allowfullscreen><\/iframe><\/p>\n<p>&nbsp;<\/p>\n<p><iframe width=\"560%\" height=\"315\" src=\"https:\/\/www.youtube.com\/embed\/JfZS9N7ZLrA?rel=0\" frameborder=\"0\" allowfullscreen><\/iframe><\/p>\n","protected":false},"excerpt":{"rendered":"<p>&nbsp; &nbsp; &nbsp;<\/p>\n","protected":false},"author":1,"featured_media":0,"parent":0,"menu_order":0,"comment_status":"closed","ping_status":"closed","template":"","meta":{"footnotes":""},"class_list":["post-1768","page","type-page","status-publish","hentry","no-thumb"],"yoast_head":"<!-- This site is optimized with the Yoast SEO plugin v27.1.1 - https:\/\/yoast.com\/product\/yoast-seo-wordpress\/ -->\n<title>Videos - Caba\u00f1as La Fragata en Cove\u00f1as con piscina Frente al mar dotadas con aire acondicionado y cocina.<\/title>\n<meta name=\"robots\" content=\"index, follow, max-snippet:-1, max-image-preview:large, max-video-preview:-1\" \/>\n<link rel=\"canonical\" href=\"https:\/\/cabanaslafragata.com\/cabanas\/video\/\" \/>\n<meta property=\"og:locale\" content=\"es_ES\" \/>\n<meta property=\"og:type\" content=\"article\" \/>\n<meta property=\"og:title\" content=\"Videos - Caba\u00f1as La Fragata en Cove\u00f1as con piscina Frente al mar dotadas con aire acondicionado y cocina.\" \/>\n<meta property=\"og:description\" content=\"&nbsp; &nbsp; &nbsp;\" \/>\n<meta property=\"og:url\" content=\"https:\/\/cabanaslafragata.com\/cabanas\/video\/\" \/>\n<meta property=\"og:site_name\" content=\"Caba\u00f1as La Fragata en Cove\u00f1as con piscina Frente al mar dotadas con aire acondicionado y cocina.\" \/>\n<meta property=\"article:publisher\" content=\"https:\/\/www.facebook.com\/share\/1APD6aSUMT\/\" \/>\n<meta property=\"article:modified_time\" content=\"2017-10-24T20:13:53+00:00\" \/>\n<meta name=\"twitter:card\" content=\"summary_large_image\" \/>\n<script type=\"application\/ld+json\" class=\"yoast-schema-graph\">{\"@context\":\"https:\/\/schema.org\",\"@graph\":[{\"@type\":\"WebPage\",\"@id\":\"https:\/\/cabanaslafragata.com\/cabanas\/video\/\",\"url\":\"https:\/\/cabanaslafragata.com\/cabanas\/video\/\",\"name\":\"Videos - Caba\u00f1as La Fragata en Cove\u00f1as con piscina Frente al mar dotadas con aire acondicionado y cocina.\",\"isPartOf\":{\"@id\":\"https:\/\/cabanaslafragata.com\/cabanas\/#website\"},\"datePublished\":\"2017-07-27T20:30:15+00:00\",\"dateModified\":\"2017-10-24T20:13:53+00:00\",\"breadcrumb\":{\"@id\":\"https:\/\/cabanaslafragata.com\/cabanas\/video\/#breadcrumb\"},\"inLanguage\":\"es\",\"potentialAction\":[{\"@type\":\"ReadAction\",\"target\":[\"https:\/\/cabanaslafragata.com\/cabanas\/video\/\"]}]},{\"@type\":\"BreadcrumbList\",\"@id\":\"https:\/\/cabanaslafragata.com\/cabanas\/video\/#breadcrumb\",\"itemListElement\":[{\"@type\":\"ListItem\",\"position\":1,\"name\":\"Portada\",\"item\":\"https:\/\/cabanaslafragata.com\/cabanas\/\"},{\"@type\":\"ListItem\",\"position\":2,\"name\":\"Videos\"}]},{\"@type\":\"WebSite\",\"@id\":\"https:\/\/cabanaslafragata.com\/cabanas\/#website\",\"url\":\"https:\/\/cabanaslafragata.com\/cabanas\/\",\"name\":\"https:\/\/cabanaslafragata.com\/cabanas\/\",\"description\":\"Caba\u00f1as la fragata est\u00e1 ubicado en Cove\u00f1as en el Sector de Puerto Viejo, tenemos Piscina, Caba\u00f1as con aire, frente al mar dotadas con todo.\",\"publisher\":{\"@id\":\"https:\/\/cabanaslafragata.com\/cabanas\/#organization\"},\"potentialAction\":[{\"@type\":\"SearchAction\",\"target\":{\"@type\":\"EntryPoint\",\"urlTemplate\":\"https:\/\/cabanaslafragata.com\/cabanas\/?s={search_term_string}\"},\"query-input\":{\"@type\":\"PropertyValueSpecification\",\"valueRequired\":true,\"valueName\":\"search_term_string\"}}],\"inLanguage\":\"es\"},{\"@type\":\"Organization\",\"@id\":\"https:\/\/cabanaslafragata.com\/cabanas\/#organization\",\"name\":\"Caba\u00f1as La Fragata\",\"url\":\"https:\/\/cabanaslafragata.com\/cabanas\/\",\"logo\":{\"@type\":\"ImageObject\",\"inLanguage\":\"es\",\"@id\":\"https:\/\/cabanaslafragata.com\/cabanas\/#\/schema\/logo\/image\/\",\"url\":\"https:\/\/cabanaslafragata.com\/cabanas\/wp-content\/uploads\/2016\/09\/cabanas.png\",\"contentUrl\":\"https:\/\/cabanaslafragata.com\/cabanas\/wp-content\/uploads\/2016\/09\/cabanas.png\",\"width\":198,\"height\":181,\"caption\":\"Caba\u00f1as La Fragata\"},\"image\":{\"@id\":\"https:\/\/cabanaslafragata.com\/cabanas\/#\/schema\/logo\/image\/\"},\"sameAs\":[\"https:\/\/www.facebook.com\/share\/1APD6aSUMT\/\",\"https:\/\/www.instagram.com\/cabanaslafragata\"]}]}<\/script>\n<!-- \/ Yoast SEO plugin. -->","yoast_head_json":{"title":"Videos - Caba\u00f1as La Fragata en Cove\u00f1as con piscina Frente al mar dotadas con aire acondicionado y cocina.","robots":{"index":"index","follow":"follow","max-snippet":"max-snippet:-1","max-image-preview":"max-image-preview:large","max-video-preview":"max-video-preview:-1"},"canonical":"https:\/\/cabanaslafragata.com\/cabanas\/video\/","og_locale":"es_ES","og_type":"article","og_title":"Videos - Caba\u00f1as La Fragata en Cove\u00f1as con piscina Frente al mar dotadas con aire acondicionado y cocina.","og_description":"&nbsp; &nbsp; &nbsp;","og_url":"https:\/\/cabanaslafragata.com\/cabanas\/video\/","og_site_name":"Caba\u00f1as La Fragata en Cove\u00f1as con piscina Frente al mar dotadas con aire acondicionado y cocina.","article_publisher":"https:\/\/www.facebook.com\/share\/1APD6aSUMT\/","article_modified_time":"2017-10-24T20:13:53+00:00","twitter_card":"summary_large_image","schema":{"@context":"https:\/\/schema.org","@graph":[{"@type":"WebPage","@id":"https:\/\/cabanaslafragata.com\/cabanas\/video\/","url":"https:\/\/cabanaslafragata.com\/cabanas\/video\/","name":"Videos - Caba\u00f1as La Fragata en Cove\u00f1as con piscina Frente al mar dotadas con aire acondicionado y cocina.","isPartOf":{"@id":"https:\/\/cabanaslafragata.com\/cabanas\/#website"},"datePublished":"2017-07-27T20:30:15+00:00","dateModified":"2017-10-24T20:13:53+00:00","breadcrumb":{"@id":"https:\/\/cabanaslafragata.com\/cabanas\/video\/#breadcrumb"},"inLanguage":"es","potentialAction":[{"@type":"ReadAction","target":["https:\/\/cabanaslafragata.com\/cabanas\/video\/"]}]},{"@type":"BreadcrumbList","@id":"https:\/\/cabanaslafragata.com\/cabanas\/video\/#breadcrumb","itemListElement":[{"@type":"ListItem","position":1,"name":"Portada","item":"https:\/\/cabanaslafragata.com\/cabanas\/"},{"@type":"ListItem","position":2,"name":"Videos"}]},{"@type":"WebSite","@id":"https:\/\/cabanaslafragata.com\/cabanas\/#website","url":"https:\/\/cabanaslafragata.com\/cabanas\/","name":"https:\/\/cabanaslafragata.com\/cabanas\/","description":"Caba\u00f1as la fragata est\u00e1 ubicado en Cove\u00f1as en el Sector de Puerto Viejo, tenemos Piscina, Caba\u00f1as con aire, frente al mar dotadas con todo.","publisher":{"@id":"https:\/\/cabanaslafragata.com\/cabanas\/#organization"},"potentialAction":[{"@type":"SearchAction","target":{"@type":"EntryPoint","urlTemplate":"https:\/\/cabanaslafragata.com\/cabanas\/?s={search_term_string}"},"query-input":{"@type":"PropertyValueSpecification","valueRequired":true,"valueName":"search_term_string"}}],"inLanguage":"es"},{"@type":"Organization","@id":"https:\/\/cabanaslafragata.com\/cabanas\/#organization","name":"Caba\u00f1as La Fragata","url":"https:\/\/cabanaslafragata.com\/cabanas\/","logo":{"@type":"ImageObject","inLanguage":"es","@id":"https:\/\/cabanaslafragata.com\/cabanas\/#\/schema\/logo\/image\/","url":"https:\/\/cabanaslafragata.com\/cabanas\/wp-content\/uploads\/2016\/09\/cabanas.png","contentUrl":"https:\/\/cabanaslafragata.com\/cabanas\/wp-content\/uploads\/2016\/09\/cabanas.png","width":198,"height":181,"caption":"Caba\u00f1as La Fragata"},"image":{"@id":"https:\/\/cabanaslafragata.com\/cabanas\/#\/schema\/logo\/image\/"},"sameAs":["https:\/\/www.facebook.com\/share\/1APD6aSUMT\/","https:\/\/www.instagram.com\/cabanaslafragata"]}]}},"_links":{"self":[{"href":"https:\/\/cabanaslafragata.com\/cabanas\/wp-json\/wp\/v2\/pages\/1768","targetHints":{"allow":["GET"]}}],"collection":[{"href":"https:\/\/cabanaslafragata.com\/cabanas\/wp-json\/wp\/v2\/pages"}],"about":[{"href":"https:\/\/cabanaslafragata.com\/cabanas\/wp-json\/wp\/v2\/types\/page"}],"author":[{"embeddable":true,"href":"https:\/\/cabanaslafragata.com\/cabanas\/wp-json\/wp\/v2\/users\/1"}],"replies":[{"embeddable":true,"href":"https:\/\/cabanaslafragata.com\/cabanas\/wp-json\/wp\/v2\/comments?post=1768"}],"version-history":[{"count":0,"href":"https:\/\/cabanaslafragata.com\/cabanas\/wp-json\/wp\/v2\/pages\/1768\/revisions"}],"wp:attachment":[{"href":"https:\/\/cabanaslafragata.com\/cabanas\/wp-json\/wp\/v2\/media?parent=1768"}],"curies":[{"name":"wp","href":"https:\/\/api.w.org\/{rel}","templated":true}]}}