{"id":19,"date":"2016-09-27T11:13:08","date_gmt":"2016-09-27T11:13:08","guid":{"rendered":"http:\/\/ld-wp.template-help.com\/wordpress_58970-sample\/?page_id=19"},"modified":"2025-04-08T21:27:10","modified_gmt":"2025-04-08T21:27:10","slug":"bar","status":"publish","type":"page","link":"https:\/\/cabanaslafragata.com\/cabanas\/bar\/","title":{"rendered":"Bar"},"content":{"rendered":"<p>Carta de Licores y c\u00f3cteles No te conformes con uno, cuando puedes disfrutar dos, tres o m\u00e1s C\u00f3cteles\u2026 Nuestros cocteles son ideales para todos los gustos y paladares COCO LOCO, pi\u00f1a colada, daikiry, Whisky, Vodka, Ron, Tequila, Ginebra y m\u00e1s est\u00e1n disponibles para ti e <a href=\"https:\/\/cabanaslafragata.com\/cabanas\/bar\/\" title=\"Read more on Bar\" class=\"more-link\">read more<\/a><\/p>\n","protected":false},"excerpt":{"rendered":"<p>Carta de Licores y c\u00f3cteles No te conformes con uno, cuando puedes disfrutar dos, tres o m\u00e1s C\u00f3cteles\u2026 Nuestros cocteles son ideales para todos los gustos y paladares COCO LOCO, pi\u00f1a colada, daikiry, Whisky, Vodka, Ron, Tequila, Ginebra y m\u00e1s est\u00e1n disponibles para ti e read more<\/p>\n","protected":false},"author":1,"featured_media":0,"parent":0,"menu_order":0,"comment_status":"closed","ping_status":"closed","template":"","meta":{"footnotes":""},"class_list":["post-19","page","type-page","status-publish","hentry","no-thumb"],"yoast_head":"<!-- This site is optimized with the Yoast SEO plugin v27.1.1 - https:\/\/yoast.com\/product\/yoast-seo-wordpress\/ -->\n<title>Bar - Caba\u00f1as La Fragata en Cove\u00f1as con piscina Frente al mar dotadas con aire acondicionado y cocina.<\/title>\n<meta name=\"robots\" content=\"index, follow, max-snippet:-1, max-image-preview:large, max-video-preview:-1\" \/>\n<link rel=\"canonical\" href=\"https:\/\/cabanaslafragata.com\/cabanas\/bar\/\" \/>\n<meta property=\"og:locale\" content=\"es_ES\" \/>\n<meta property=\"og:type\" content=\"article\" \/>\n<meta property=\"og:title\" content=\"Bar - Caba\u00f1as La Fragata en Cove\u00f1as con piscina Frente al mar dotadas con aire acondicionado y cocina.\" \/>\n<meta property=\"og:description\" content=\"Carta de Licores y c\u00f3cteles No te conformes con uno, cuando puedes disfrutar dos, tres o m\u00e1s C\u00f3cteles\u2026 Nuestros cocteles son ideales para todos los gustos y paladares COCO LOCO, pi\u00f1a colada, daikiry, Whisky, Vodka, Ron, Tequila, Ginebra y m\u00e1s est\u00e1n disponibles para ti e read more\" \/>\n<meta property=\"og:url\" content=\"https:\/\/cabanaslafragata.com\/cabanas\/bar\/\" \/>\n<meta property=\"og:site_name\" content=\"Caba\u00f1as La Fragata en Cove\u00f1as con piscina Frente al mar dotadas con aire acondicionado y cocina.\" \/>\n<meta property=\"article:publisher\" content=\"https:\/\/www.facebook.com\/share\/1APD6aSUMT\/\" \/>\n<meta property=\"article:modified_time\" content=\"2025-04-08T21:27:10+00:00\" \/>\n<meta property=\"og:image\" content=\"https:\/\/cabanaslafragata.com\/cabanas\/wp-content\/uploads\/2017\/07\/cocoloco.jpg\" \/>\n<meta name=\"twitter:card\" content=\"summary_large_image\" \/>\n<meta name=\"twitter:label1\" content=\"Tiempo de lectura\" \/>\n\t<meta name=\"twitter:data1\" content=\"1 minuto\" \/>\n<script type=\"application\/ld+json\" class=\"yoast-schema-graph\">{\"@context\":\"https:\/\/schema.org\",\"@graph\":[{\"@type\":\"WebPage\",\"@id\":\"https:\/\/cabanaslafragata.com\/cabanas\/bar\/\",\"url\":\"https:\/\/cabanaslafragata.com\/cabanas\/bar\/\",\"name\":\"Bar - Caba\u00f1as La Fragata en Cove\u00f1as con piscina Frente al mar dotadas con aire acondicionado y cocina.\",\"isPartOf\":{\"@id\":\"https:\/\/cabanaslafragata.com\/cabanas\/#website\"},\"primaryImageOfPage\":{\"@id\":\"https:\/\/cabanaslafragata.com\/cabanas\/bar\/#primaryimage\"},\"image\":{\"@id\":\"https:\/\/cabanaslafragata.com\/cabanas\/bar\/#primaryimage\"},\"thumbnailUrl\":\"https:\/\/cabanaslafragata.com\/cabanas\/wp-content\/uploads\/2017\/07\/cocoloco.jpg\",\"datePublished\":\"2016-09-27T11:13:08+00:00\",\"dateModified\":\"2025-04-08T21:27:10+00:00\",\"breadcrumb\":{\"@id\":\"https:\/\/cabanaslafragata.com\/cabanas\/bar\/#breadcrumb\"},\"inLanguage\":\"es\",\"potentialAction\":[{\"@type\":\"ReadAction\",\"target\":[\"https:\/\/cabanaslafragata.com\/cabanas\/bar\/\"]}]},{\"@type\":\"ImageObject\",\"inLanguage\":\"es\",\"@id\":\"https:\/\/cabanaslafragata.com\/cabanas\/bar\/#primaryimage\",\"url\":\"https:\/\/cabanaslafragata.com\/cabanas\/wp-content\/uploads\/2017\/07\/cocoloco.jpg\",\"contentUrl\":\"https:\/\/cabanaslafragata.com\/cabanas\/wp-content\/uploads\/2017\/07\/cocoloco.jpg\"},{\"@type\":\"BreadcrumbList\",\"@id\":\"https:\/\/cabanaslafragata.com\/cabanas\/bar\/#breadcrumb\",\"itemListElement\":[{\"@type\":\"ListItem\",\"position\":1,\"name\":\"Portada\",\"item\":\"https:\/\/cabanaslafragata.com\/cabanas\/\"},{\"@type\":\"ListItem\",\"position\":2,\"name\":\"Bar\"}]},{\"@type\":\"WebSite\",\"@id\":\"https:\/\/cabanaslafragata.com\/cabanas\/#website\",\"url\":\"https:\/\/cabanaslafragata.com\/cabanas\/\",\"name\":\"https:\/\/cabanaslafragata.com\/cabanas\/\",\"description\":\"Caba\u00f1as la fragata est\u00e1 ubicado en Cove\u00f1as en el Sector de Puerto Viejo, tenemos Piscina, Caba\u00f1as con aire, frente al mar dotadas con todo.\",\"publisher\":{\"@id\":\"https:\/\/cabanaslafragata.com\/cabanas\/#organization\"},\"potentialAction\":[{\"@type\":\"SearchAction\",\"target\":{\"@type\":\"EntryPoint\",\"urlTemplate\":\"https:\/\/cabanaslafragata.com\/cabanas\/?s={search_term_string}\"},\"query-input\":{\"@type\":\"PropertyValueSpecification\",\"valueRequired\":true,\"valueName\":\"search_term_string\"}}],\"inLanguage\":\"es\"},{\"@type\":\"Organization\",\"@id\":\"https:\/\/cabanaslafragata.com\/cabanas\/#organization\",\"name\":\"Caba\u00f1as La Fragata\",\"url\":\"https:\/\/cabanaslafragata.com\/cabanas\/\",\"logo\":{\"@type\":\"ImageObject\",\"inLanguage\":\"es\",\"@id\":\"https:\/\/cabanaslafragata.com\/cabanas\/#\/schema\/logo\/image\/\",\"url\":\"https:\/\/cabanaslafragata.com\/cabanas\/wp-content\/uploads\/2016\/09\/cabanas.png\",\"contentUrl\":\"https:\/\/cabanaslafragata.com\/cabanas\/wp-content\/uploads\/2016\/09\/cabanas.png\",\"width\":198,\"height\":181,\"caption\":\"Caba\u00f1as La Fragata\"},\"image\":{\"@id\":\"https:\/\/cabanaslafragata.com\/cabanas\/#\/schema\/logo\/image\/\"},\"sameAs\":[\"https:\/\/www.facebook.com\/share\/1APD6aSUMT\/\",\"https:\/\/www.instagram.com\/cabanaslafragata\"]}]}<\/script>\n<!-- \/ Yoast SEO plugin. -->","yoast_head_json":{"title":"Bar - Caba\u00f1as La Fragata en Cove\u00f1as con piscina Frente al mar dotadas con aire acondicionado y cocina.","robots":{"index":"index","follow":"follow","max-snippet":"max-snippet:-1","max-image-preview":"max-image-preview:large","max-video-preview":"max-video-preview:-1"},"canonical":"https:\/\/cabanaslafragata.com\/cabanas\/bar\/","og_locale":"es_ES","og_type":"article","og_title":"Bar - Caba\u00f1as La Fragata en Cove\u00f1as con piscina Frente al mar dotadas con aire acondicionado y cocina.","og_description":"Carta de Licores y c\u00f3cteles No te conformes con uno, cuando puedes disfrutar dos, tres o m\u00e1s C\u00f3cteles\u2026 Nuestros cocteles son ideales para todos los gustos y paladares COCO LOCO, pi\u00f1a colada, daikiry, Whisky, Vodka, Ron, Tequila, Ginebra y m\u00e1s est\u00e1n disponibles para ti e read more","og_url":"https:\/\/cabanaslafragata.com\/cabanas\/bar\/","og_site_name":"Caba\u00f1as La Fragata en Cove\u00f1as con piscina Frente al mar dotadas con aire acondicionado y cocina.","article_publisher":"https:\/\/www.facebook.com\/share\/1APD6aSUMT\/","article_modified_time":"2025-04-08T21:27:10+00:00","og_image":[{"url":"https:\/\/cabanaslafragata.com\/cabanas\/wp-content\/uploads\/2017\/07\/cocoloco.jpg","type":"","width":"","height":""}],"twitter_card":"summary_large_image","twitter_misc":{"Tiempo de lectura":"1 minuto"},"schema":{"@context":"https:\/\/schema.org","@graph":[{"@type":"WebPage","@id":"https:\/\/cabanaslafragata.com\/cabanas\/bar\/","url":"https:\/\/cabanaslafragata.com\/cabanas\/bar\/","name":"Bar - Caba\u00f1as La Fragata en Cove\u00f1as con piscina Frente al mar dotadas con aire acondicionado y cocina.","isPartOf":{"@id":"https:\/\/cabanaslafragata.com\/cabanas\/#website"},"primaryImageOfPage":{"@id":"https:\/\/cabanaslafragata.com\/cabanas\/bar\/#primaryimage"},"image":{"@id":"https:\/\/cabanaslafragata.com\/cabanas\/bar\/#primaryimage"},"thumbnailUrl":"https:\/\/cabanaslafragata.com\/cabanas\/wp-content\/uploads\/2017\/07\/cocoloco.jpg","datePublished":"2016-09-27T11:13:08+00:00","dateModified":"2025-04-08T21:27:10+00:00","breadcrumb":{"@id":"https:\/\/cabanaslafragata.com\/cabanas\/bar\/#breadcrumb"},"inLanguage":"es","potentialAction":[{"@type":"ReadAction","target":["https:\/\/cabanaslafragata.com\/cabanas\/bar\/"]}]},{"@type":"ImageObject","inLanguage":"es","@id":"https:\/\/cabanaslafragata.com\/cabanas\/bar\/#primaryimage","url":"https:\/\/cabanaslafragata.com\/cabanas\/wp-content\/uploads\/2017\/07\/cocoloco.jpg","contentUrl":"https:\/\/cabanaslafragata.com\/cabanas\/wp-content\/uploads\/2017\/07\/cocoloco.jpg"},{"@type":"BreadcrumbList","@id":"https:\/\/cabanaslafragata.com\/cabanas\/bar\/#breadcrumb","itemListElement":[{"@type":"ListItem","position":1,"name":"Portada","item":"https:\/\/cabanaslafragata.com\/cabanas\/"},{"@type":"ListItem","position":2,"name":"Bar"}]},{"@type":"WebSite","@id":"https:\/\/cabanaslafragata.com\/cabanas\/#website","url":"https:\/\/cabanaslafragata.com\/cabanas\/","name":"https:\/\/cabanaslafragata.com\/cabanas\/","description":"Caba\u00f1as la fragata est\u00e1 ubicado en Cove\u00f1as en el Sector de Puerto Viejo, tenemos Piscina, Caba\u00f1as con aire, frente al mar dotadas con todo.","publisher":{"@id":"https:\/\/cabanaslafragata.com\/cabanas\/#organization"},"potentialAction":[{"@type":"SearchAction","target":{"@type":"EntryPoint","urlTemplate":"https:\/\/cabanaslafragata.com\/cabanas\/?s={search_term_string}"},"query-input":{"@type":"PropertyValueSpecification","valueRequired":true,"valueName":"search_term_string"}}],"inLanguage":"es"},{"@type":"Organization","@id":"https:\/\/cabanaslafragata.com\/cabanas\/#organization","name":"Caba\u00f1as La Fragata","url":"https:\/\/cabanaslafragata.com\/cabanas\/","logo":{"@type":"ImageObject","inLanguage":"es","@id":"https:\/\/cabanaslafragata.com\/cabanas\/#\/schema\/logo\/image\/","url":"https:\/\/cabanaslafragata.com\/cabanas\/wp-content\/uploads\/2016\/09\/cabanas.png","contentUrl":"https:\/\/cabanaslafragata.com\/cabanas\/wp-content\/uploads\/2016\/09\/cabanas.png","width":198,"height":181,"caption":"Caba\u00f1as La Fragata"},"image":{"@id":"https:\/\/cabanaslafragata.com\/cabanas\/#\/schema\/logo\/image\/"},"sameAs":["https:\/\/www.facebook.com\/share\/1APD6aSUMT\/","https:\/\/www.instagram.com\/cabanaslafragata"]}]}},"_links":{"self":[{"href":"https:\/\/cabanaslafragata.com\/cabanas\/wp-json\/wp\/v2\/pages\/19","targetHints":{"allow":["GET"]}}],"collection":[{"href":"https:\/\/cabanaslafragata.com\/cabanas\/wp-json\/wp\/v2\/pages"}],"about":[{"href":"https:\/\/cabanaslafragata.com\/cabanas\/wp-json\/wp\/v2\/types\/page"}],"author":[{"embeddable":true,"href":"https:\/\/cabanaslafragata.com\/cabanas\/wp-json\/wp\/v2\/users\/1"}],"replies":[{"embeddable":true,"href":"https:\/\/cabanaslafragata.com\/cabanas\/wp-json\/wp\/v2\/comments?post=19"}],"version-history":[{"count":99,"href":"https:\/\/cabanaslafragata.com\/cabanas\/wp-json\/wp\/v2\/pages\/19\/revisions"}],"predecessor-version":[{"id":4237,"href":"https:\/\/cabanaslafragata.com\/cabanas\/wp-json\/wp\/v2\/pages\/19\/revisions\/4237"}],"wp:attachment":[{"href":"https:\/\/cabanaslafragata.com\/cabanas\/wp-json\/wp\/v2\/media?parent=19"}],"curies":[{"name":"wp","href":"https:\/\/api.w.org\/{rel}","templated":true}]}}